{"id":6202,"date":"2026-02-17T13:25:27","date_gmt":"2026-02-17T12:25:27","guid":{"rendered":"https:\/\/dartawartadakhla.com\/?page_id=6202"},"modified":"2026-03-19T14:42:54","modified_gmt":"2026-03-19T13:42:54","slug":"hebergements","status":"publish","type":"page","link":"https:\/\/dartawartadakhla.com\/en\/hebergements\/","title":{"rendered":"Accommodation"},"content":{"rendered":"<div data-elementor-type=\"wp-page\" data-elementor-id=\"6202\" class=\"elementor elementor-6202\">\n\t\t\t\t<div class=\"elementor-element elementor-element-91b0954 e-flex e-con-boxed e-con e-parent\" data-id=\"91b0954\" data-element_type=\"container\" data-e-type=\"container\" data-settings=\"{&quot;background_background&quot;:&quot;classic&quot;}\">\n\t\t\t\t\t<div class=\"e-con-inner\">\n\t\t\t\t<div class=\"elementor-element elementor-element-1350b3f animated-fast elementor-invisible elementor-widget elementor-widget-heading\" data-id=\"1350b3f\" data-element_type=\"widget\" data-e-type=\"widget\" data-settings=\"{&quot;_animation&quot;:&quot;opal-move-up&quot;}\" data-widget_type=\"heading.default\">\n\t\t\t\t<div class=\"elementor-widget-container\">\n\t\t\t\t\t<h1 class=\"elementor-heading-title elementor-size-default\">Accommodation\n\n<\/h1>\t\t\t\t<\/div>\n\t\t\t\t<\/div>\n\t\t\t\t\t<\/div>\n\t\t\t\t<\/div>\n\t\t                <div class=\"custom-elementor-parallax\" data-id=\"91b0954\" data-settings=\"{&quot;type&quot;:&quot;scroll&quot;,&quot;speed&quot;:&quot;1.2&quot;,&quot;keepImg&quot;:&quot;true&quot;,&quot;imgSize&quot;:&quot;cover&quot;,&quot;imgPosition&quot;:&quot;50% 0%&quot;,&quot;noAndroid&quot;:&quot;false&quot;,&quot;noIos&quot;:&quot;false&quot;}\"><\/div>\n            <div class=\"elementor-element elementor-element-8e386a3 e-flex e-con-boxed e-con e-parent\" data-id=\"8e386a3\" data-element_type=\"container\" data-e-type=\"container\">\n\t\t\t\t\t<div class=\"e-con-inner\">\n\t\t\t\t<div class=\"elementor-element elementor-element-a444cd9 elementor-widget elementor-widget-heading\" data-id=\"a444cd9\" data-element_type=\"widget\" data-e-type=\"widget\" data-widget_type=\"heading.default\">\n\t\t\t\t<div class=\"elementor-widget-container\">\n\t\t\t\t\t<p class=\"elementor-heading-title elementor-size-default\">Dar Tawarta, our rooms have been designed to offer comfort, simplicity and authenticity. Inspired by the natural colors of Dakhla, they offer a soothing atmosphere, ideal for relaxing after a day between the lagoon and desert. Each space invites us to slow down and enjoy the moment.<\/p>\t\t\t\t<\/div>\n\t\t\t\t<\/div>\n\t\t\t\t<div class=\"elementor-element elementor-element-f5bf83b elementor-widget__width-inherit elementor-widget elementor-widget-babe-all-items\" data-id=\"f5bf83b\" data-element_type=\"widget\" data-e-type=\"widget\" data-widget_type=\"babe-all-items.default\">\n\t\t\t\t<div class=\"elementor-widget-container\">\n\t\t\t\t\t\n            <div class=\"babe_shortcode_block sc_all_items  all-items-4\" data-no-translation=\"\">\n                <div class=\"babe_shortcode_block_bg_inner\">\n                    <div class=\"babe_shortcode_block_inner d-grid\">\n                        <div class=\"babe_items babe_items_4 grid-item\" data-no-translation=\"\">\n    <div class=\"babe_all_items_item_inner\" data-no-translation=\"\">\n        <div class=\"item_img\">\n            <div class=\"items_labels\">\n                            <\/div>\n\n            <div class=\"item_info_price\">\n                <label>from<\/label>\n                <span class=\"item_info_price_new\"><span class=\"currency_amount\" data-amount=\"135\">135.00<span class=\"currency_symbol\">&euro;<\/span><\/span><\/span>\n                  per night                            <\/div>\n            <a class=\"item-thumb\" href=\"https:\/\/dartawartadakhla.com\/en\/to_book\/double-room\/\"><img decoding=\"async\" src=\"https:\/\/dartawartadakhla.com\/wp-content\/uploads\/2026\/02\/Dar_Tawarta_Room-13-edited-e1772010602230.jpg\" alt=\"Chambre Double\"><\/a>            <a class=\"item_more_link\" href=\"https:\/\/dartawartadakhla.com\/en\/to_book\/double-room\/\">\n                <i class=\"amoja-icon-angle-right\"><\/i>\n            <\/a>\n        <\/div>\n        <div class=\"item_text\">\n            <div class=\"item_title omega\">\n                <a href=\"https:\/\/dartawartadakhla.com\/en\/to_book\/double-room\/\">Chambre Double<\/a>\n            <\/div>\n            <div class=\"item-meta\">\n                                    <div class=\"item-room-area\">\n                        <span>\n                            24m\u00b2                        <\/span>\n                    <\/div>\n                                                    <div class=\"item-room-guests\">\n                        <span>\n                            1-3 person                        <\/span>\n                    <\/div>\n                                                    <div class=\"item-room-beds\">\n                        <span>\n                            1 beds                        <\/span>\n                    <\/div>\n                            <\/div>\n            <div class=\"item-excerpt\">\n                Les chambres d\u00e9cor\u00e9es avec soin par la ma\u00eetresse de maison avec des objets de famille, vous garantissent un grand confort. L'utilisation syst\u00e9matique de\u00a0 mat\u00e9riaux naturels...            <\/div>\n        <\/div>\n    <\/div>\n<\/div><div class=\"babe_items babe_items_4 grid-item\" data-no-translation=\"\">\n    <div class=\"babe_all_items_item_inner\" data-no-translation=\"\">\n        <div class=\"item_img\">\n            <div class=\"items_labels\">\n                            <\/div>\n\n            <div class=\"item_info_price\">\n                <label>from<\/label>\n                <span class=\"item_info_price_new\"><span class=\"currency_amount\" data-amount=\"120\">120.00<span class=\"currency_symbol\">&euro;<\/span><\/span><\/span>\n                  per night                            <\/div>\n            <a class=\"item-thumb\" href=\"https:\/\/dartawartadakhla.com\/en\/to_book\/classic-single-bed\/\"><img decoding=\"async\" src=\"https:\/\/dartawartadakhla.com\/wp-content\/uploads\/2026\/02\/room4_07-1.jpg\" alt=\"Chambre Single\"><\/a>            <a class=\"item_more_link\" href=\"https:\/\/dartawartadakhla.com\/en\/to_book\/classic-single-bed\/\">\n                <i class=\"amoja-icon-angle-right\"><\/i>\n            <\/a>\n        <\/div>\n        <div class=\"item_text\">\n            <div class=\"item_title omega\">\n                <a href=\"https:\/\/dartawartadakhla.com\/en\/to_book\/classic-single-bed\/\">Chambre Single<\/a>\n            <\/div>\n            <div class=\"item-meta\">\n                                    <div class=\"item-room-area\">\n                        <span>\n                            24m\u00b2                        <\/span>\n                    <\/div>\n                                                    <div class=\"item-room-guests\">\n                        <span>\n                            1-1 person                        <\/span>\n                    <\/div>\n                                                    <div class=\"item-room-beds\">\n                        <span>\n                            2 beds                        <\/span>\n                    <\/div>\n                            <\/div>\n            <div class=\"item-excerpt\">\n                <p data-start=\"185\" data-end=\"488\">Id\u00e9ale pour un s\u00e9jour en toute tranquillit\u00e9, cette chambre de 24 m\u00b2 avec deux lits simples offre un cadre intime et reposant au...<\/p>            <\/div>\n        <\/div>\n    <\/div>\n<\/div><div class=\"babe_items babe_items_4 grid-item\" data-no-translation=\"\">\n    <div class=\"babe_all_items_item_inner\" data-no-translation=\"\">\n        <div class=\"item_img\">\n            <div class=\"items_labels\">\n                            <\/div>\n\n            <div class=\"item_info_price\">\n                <label>from<\/label>\n                <span class=\"item_info_price_new\"><span class=\"currency_amount\" data-amount=\"80\">80.00<span class=\"currency_symbol\">&euro;<\/span><\/span><\/span>\n                  per night                            <\/div>\n            <a class=\"item-thumb\" href=\"https:\/\/dartawartadakhla.com\/en\/to_book\/tente-sahraouie\/\"><img decoding=\"async\" src=\"https:\/\/dartawartadakhla.com\/wp-content\/uploads\/2026\/03\/tente-sahraouie.jpg\" alt=\"Tente Sahraouie\"><\/a>            <a class=\"item_more_link\" href=\"https:\/\/dartawartadakhla.com\/en\/to_book\/tente-sahraouie\/\">\n                <i class=\"amoja-icon-angle-right\"><\/i>\n            <\/a>\n        <\/div>\n        <div class=\"item_text\">\n            <div class=\"item_title omega\">\n                <a href=\"https:\/\/dartawartadakhla.com\/en\/to_book\/tente-sahraouie\/\">Tente Sahraouie<\/a>\n            <\/div>\n            <div class=\"item-meta\">\n                                                    <div class=\"item-room-guests\">\n                        <span>\n                            1-2 person                        <\/span>\n                    <\/div>\n                                                    <div class=\"item-room-beds\">\n                        <span>\n                            1 beds                        <\/span>\n                    <\/div>\n                            <\/div>\n            <div class=\"item-excerpt\">\n                Sous la toile sahraouie aux motifs traditionnels, la Tente Sahraouie vous invite \u00e0 vivre une exp\u00e9rience unique entre authenticit\u00e9 et \u00e9l\u00e9gance. Baign\u00e9 d\u2019une lumi\u00e8re douce...            <\/div>\n        <\/div>\n    <\/div>\n<\/div><div class=\"babe_items babe_items_4 grid-item\" data-no-translation=\"\">\n    <div class=\"babe_all_items_item_inner\" data-no-translation=\"\">\n        <div class=\"item_img\">\n            <div class=\"items_labels\">\n                            <\/div>\n\n            <div class=\"item_info_price\">\n                <label>from<\/label>\n                <span class=\"item_info_price_new\"><span class=\"currency_amount\" data-amount=\"150\">150.00<span class=\"currency_symbol\">&euro;<\/span><\/span><\/span>\n                  per night                            <\/div>\n            <a class=\"item-thumb\" href=\"https:\/\/dartawartadakhla.com\/en\/to_book\/loft-premium\/\"><img decoding=\"async\" src=\"https:\/\/dartawartadakhla.com\/wp-content\/uploads\/2026\/03\/loft-premium.jpg\" alt=\"Loft Premium\"><\/a>            <a class=\"item_more_link\" href=\"https:\/\/dartawartadakhla.com\/en\/to_book\/loft-premium\/\">\n                <i class=\"amoja-icon-angle-right\"><\/i>\n            <\/a>\n        <\/div>\n        <div class=\"item_text\">\n            <div class=\"item_title omega\">\n                <a href=\"https:\/\/dartawartadakhla.com\/en\/to_book\/loft-premium\/\">Loft Premium<\/a>\n            <\/div>\n            <div class=\"item-meta\">\n                                                    <div class=\"item-room-guests\">\n                        <span>\n                            2-4 person                        <\/span>\n                    <\/div>\n                                                    <div class=\"item-room-beds\">\n                        <span>\n                            3 beds                        <\/span>\n                    <\/div>\n                            <\/div>\n            <div class=\"item-excerpt\">\n                Construit en mat\u00e9riaux naturels, le Loft Premium offre un espace g\u00e9n\u00e9reux, lumineux et raffin\u00e9. Pens\u00e9 pour allier confort et \u00e9l\u00e9gance, il invite \u00e0 la d\u00e9tente...            <\/div>\n        <\/div>\n    <\/div>\n<\/div>\n                    <\/div><div class=\"babe_pager\"><div class=\"babe_pager_inner\"><\/div><\/div>\n                <\/div>\n            <\/div>\n\t\t\t        \t\t\t\t<\/div>\n\t\t\t\t<\/div>\n\t\t\t\t\t<\/div>\n\t\t\t\t<\/div>\n\t\t\t\t<\/div>","protected":false},"excerpt":{"rendered":"<p>H\u00e9bergements \u00c0 Dar Tawarta, nos chambres ont \u00e9t\u00e9 pens\u00e9es pour offrir confort, simplicit\u00e9 et authenticit\u00e9. Inspir\u00e9es par les couleurs naturelles de Dakhla, elles offrent une atmosph\u00e8re apaisante, id\u00e9ale pour se reposer apr\u00e8s une journ\u00e9e entre lagune et d\u00e9sert. Chaque espace invite \u00e0 ralentir et \u00e0 profiter du moment. from 135.00&euro; per night Chambre Double 24M2 [&hellip;]<\/p>\n","protected":false},"author":1,"featured_media":0,"parent":0,"menu_order":0,"comment_status":"closed","ping_status":"closed","template":"","meta":{"inline_featured_image":false,"footnotes":""},"class_list":["post-6202","page","type-page","status-publish","hentry"],"yoast_head":"<!-- This site is optimized with the Yoast SEO plugin v26.9 - https:\/\/yoast.com\/product\/yoast-seo-wordpress\/ -->\n<title>H\u00e9bergements - Dar Tawarta<\/title>\n<meta name=\"robots\" content=\"index, follow, max-snippet:-1, max-image-preview:large, max-video-preview:-1\" \/>\n<link rel=\"canonical\" href=\"https:\/\/dartawartadakhla.com\/en\/hebergements\/\" \/>\n<meta property=\"og:locale\" content=\"en_US\" \/>\n<meta property=\"og:type\" content=\"article\" \/>\n<meta property=\"og:title\" content=\"H\u00e9bergements - Dar Tawarta\" \/>\n<meta property=\"og:description\" content=\"H\u00e9bergements \u00c0 Dar Tawarta, nos chambres ont \u00e9t\u00e9 pens\u00e9es pour offrir confort, simplicit\u00e9 et authenticit\u00e9. Inspir\u00e9es par les couleurs naturelles de Dakhla, elles offrent une atmosph\u00e8re apaisante, id\u00e9ale pour se reposer apr\u00e8s une journ\u00e9e entre lagune et d\u00e9sert. Chaque espace invite \u00e0 ralentir et \u00e0 profiter du moment. from 135.00&euro; per night Chambre Double 24M2 [&hellip;]\" \/>\n<meta property=\"og:url\" content=\"https:\/\/dartawartadakhla.com\/en\/hebergements\/\" \/>\n<meta property=\"og:site_name\" content=\"Dar Tawarta\" \/>\n<meta property=\"article:modified_time\" content=\"2026-03-19T13:42:54+00:00\" \/>\n<meta property=\"og:image\" content=\"https:\/\/dartawartadakhla.com\/wp-content\/uploads\/2026\/02\/Dar_Tawarta_Room-13-edited-e1772010602230.jpg\" \/>\n<meta name=\"twitter:card\" content=\"summary_large_image\" \/>\n<meta name=\"twitter:label1\" content=\"Est. reading time\" \/>\n\t<meta name=\"twitter:data1\" content=\"2 minutes\" \/>\n<script type=\"application\/ld+json\" class=\"yoast-schema-graph\">{\"@context\":\"https:\/\/schema.org\",\"@graph\":[{\"@type\":\"WebPage\",\"@id\":\"https:\/\/dartawartadakhla.com\/fr_fr\/hebergements\/\",\"url\":\"https:\/\/dartawartadakhla.com\/fr_fr\/hebergements\/\",\"name\":\"H\u00e9bergements - Dar Tawarta\",\"isPartOf\":{\"@id\":\"https:\/\/dartawartadakhla.com\/#website\"},\"primaryImageOfPage\":{\"@id\":\"https:\/\/dartawartadakhla.com\/fr_fr\/hebergements\/#primaryimage\"},\"image\":{\"@id\":\"https:\/\/dartawartadakhla.com\/fr_fr\/hebergements\/#primaryimage\"},\"thumbnailUrl\":\"https:\/\/dartawartadakhla.com\/wp-content\/uploads\/2026\/02\/Dar_Tawarta_Room-13-edited-e1772010602230.jpg\",\"datePublished\":\"2026-02-17T12:25:27+00:00\",\"dateModified\":\"2026-03-19T13:42:54+00:00\",\"breadcrumb\":{\"@id\":\"https:\/\/dartawartadakhla.com\/fr_fr\/hebergements\/#breadcrumb\"},\"inLanguage\":\"en-US\",\"potentialAction\":[{\"@type\":\"ReadAction\",\"target\":[\"https:\/\/dartawartadakhla.com\/fr_fr\/hebergements\/\"]}]},{\"@type\":\"ImageObject\",\"inLanguage\":\"en-US\",\"@id\":\"https:\/\/dartawartadakhla.com\/fr_fr\/hebergements\/#primaryimage\",\"url\":\"https:\/\/dartawartadakhla.com\/wp-content\/uploads\/2026\/02\/Dar_Tawarta_Room-13-edited-e1772010602230.jpg\",\"contentUrl\":\"https:\/\/dartawartadakhla.com\/wp-content\/uploads\/2026\/02\/Dar_Tawarta_Room-13-edited-e1772010602230.jpg\"},{\"@type\":\"BreadcrumbList\",\"@id\":\"https:\/\/dartawartadakhla.com\/fr_fr\/hebergements\/#breadcrumb\",\"itemListElement\":[{\"@type\":\"ListItem\",\"position\":1,\"name\":\"Accueil\",\"item\":\"https:\/\/dartawartadakhla.com\/\"},{\"@type\":\"ListItem\",\"position\":2,\"name\":\"H\u00e9bergements\"}]},{\"@type\":\"WebSite\",\"@id\":\"https:\/\/dartawartadakhla.com\/#website\",\"url\":\"https:\/\/dartawartadakhla.com\/\",\"name\":\"Dar Tawarta\",\"description\":\"\u00c9co-Lodge \u00e0 Dakhla\",\"publisher\":{\"@id\":\"https:\/\/dartawartadakhla.com\/#organization\"},\"potentialAction\":[{\"@type\":\"SearchAction\",\"target\":{\"@type\":\"EntryPoint\",\"urlTemplate\":\"https:\/\/dartawartadakhla.com\/?s={search_term_string}\"},\"query-input\":{\"@type\":\"PropertyValueSpecification\",\"valueRequired\":true,\"valueName\":\"search_term_string\"}}],\"inLanguage\":\"en-US\"},{\"@type\":\"Organization\",\"@id\":\"https:\/\/dartawartadakhla.com\/#organization\",\"name\":\"Dar Tawarta\",\"url\":\"https:\/\/dartawartadakhla.com\/\",\"logo\":{\"@type\":\"ImageObject\",\"inLanguage\":\"en-US\",\"@id\":\"https:\/\/dartawartadakhla.com\/#\/schema\/logo\/image\/\",\"url\":\"https:\/\/dartawartadakhla.com\/wp-content\/uploads\/2024\/11\/cropped-cropped-Logo_DT_mail-1.png\",\"contentUrl\":\"https:\/\/dartawartadakhla.com\/wp-content\/uploads\/2024\/11\/cropped-cropped-Logo_DT_mail-1.png\",\"width\":377,\"height\":100,\"caption\":\"Dar Tawarta\"},\"image\":{\"@id\":\"https:\/\/dartawartadakhla.com\/#\/schema\/logo\/image\/\"}}]}<\/script>\n<!-- \/ Yoast SEO plugin. -->","yoast_head_json":{"title":"Accommodation - Dar Tawarta","robots":{"index":"index","follow":"follow","max-snippet":"max-snippet:-1","max-image-preview":"max-image-preview:large","max-video-preview":"max-video-preview:-1"},"canonical":"https:\/\/dartawartadakhla.com\/en\/hebergements\/","og_locale":"en_US","og_type":"article","og_title":"H\u00e9bergements - Dar Tawarta","og_description":"H\u00e9bergements \u00c0 Dar Tawarta, nos chambres ont \u00e9t\u00e9 pens\u00e9es pour offrir confort, simplicit\u00e9 et authenticit\u00e9. Inspir\u00e9es par les couleurs naturelles de Dakhla, elles offrent une atmosph\u00e8re apaisante, id\u00e9ale pour se reposer apr\u00e8s une journ\u00e9e entre lagune et d\u00e9sert. Chaque espace invite \u00e0 ralentir et \u00e0 profiter du moment. from 135.00&euro; per night Chambre Double 24M2 [&hellip;]","og_url":"https:\/\/dartawartadakhla.com\/en\/hebergements\/","og_site_name":"Dar Tawarta","article_modified_time":"2026-03-19T13:42:54+00:00","og_image":[{"url":"https:\/\/dartawartadakhla.com\/wp-content\/uploads\/2026\/02\/Dar_Tawarta_Room-13-edited-e1772010602230.jpg","type":"","width":"","height":""}],"twitter_card":"summary_large_image","twitter_misc":{"Est. reading time":"2 minutes"},"schema":{"@context":"https:\/\/schema.org","@graph":[{"@type":"WebPage","@id":"https:\/\/dartawartadakhla.com\/fr_fr\/hebergements\/","url":"https:\/\/dartawartadakhla.com\/fr_fr\/hebergements\/","name":"Accommodation - Dar Tawarta","isPartOf":{"@id":"https:\/\/dartawartadakhla.com\/#website"},"primaryImageOfPage":{"@id":"https:\/\/dartawartadakhla.com\/fr_fr\/hebergements\/#primaryimage"},"image":{"@id":"https:\/\/dartawartadakhla.com\/fr_fr\/hebergements\/#primaryimage"},"thumbnailUrl":"https:\/\/dartawartadakhla.com\/wp-content\/uploads\/2026\/02\/Dar_Tawarta_Room-13-edited-e1772010602230.jpg","datePublished":"2026-02-17T12:25:27+00:00","dateModified":"2026-03-19T13:42:54+00:00","breadcrumb":{"@id":"https:\/\/dartawartadakhla.com\/fr_fr\/hebergements\/#breadcrumb"},"inLanguage":"en-US","potentialAction":[{"@type":"ReadAction","target":["https:\/\/dartawartadakhla.com\/fr_fr\/hebergements\/"]}]},{"@type":"ImageObject","inLanguage":"en-US","@id":"https:\/\/dartawartadakhla.com\/fr_fr\/hebergements\/#primaryimage","url":"https:\/\/dartawartadakhla.com\/wp-content\/uploads\/2026\/02\/Dar_Tawarta_Room-13-edited-e1772010602230.jpg","contentUrl":"https:\/\/dartawartadakhla.com\/wp-content\/uploads\/2026\/02\/Dar_Tawarta_Room-13-edited-e1772010602230.jpg"},{"@type":"BreadcrumbList","@id":"https:\/\/dartawartadakhla.com\/fr_fr\/hebergements\/#breadcrumb","itemListElement":[{"@type":"ListItem","position":1,"name":"Accueil","item":"https:\/\/dartawartadakhla.com\/"},{"@type":"ListItem","position":2,"name":"H\u00e9bergements"}]},{"@type":"WebSite","@id":"https:\/\/dartawartadakhla.com\/#website","url":"https:\/\/dartawartadakhla.com\/","name":"Dar Tawarta","description":"Eco-Lodge in Dakhla","publisher":{"@id":"https:\/\/dartawartadakhla.com\/#organization"},"potentialAction":[{"@type":"SearchAction","target":{"@type":"EntryPoint","urlTemplate":"https:\/\/dartawartadakhla.com\/?s={search_term_string}"},"query-input":{"@type":"PropertyValueSpecification","valueRequired":true,"valueName":"search_term_string"}}],"inLanguage":"en-US"},{"@type":"Organization","@id":"https:\/\/dartawartadakhla.com\/#organization","name":"Dar Tawarta","url":"https:\/\/dartawartadakhla.com\/","logo":{"@type":"ImageObject","inLanguage":"en-US","@id":"https:\/\/dartawartadakhla.com\/#\/schema\/logo\/image\/","url":"https:\/\/dartawartadakhla.com\/wp-content\/uploads\/2024\/11\/cropped-cropped-Logo_DT_mail-1.png","contentUrl":"https:\/\/dartawartadakhla.com\/wp-content\/uploads\/2024\/11\/cropped-cropped-Logo_DT_mail-1.png","width":377,"height":100,"caption":"Dar Tawarta"},"image":{"@id":"https:\/\/dartawartadakhla.com\/#\/schema\/logo\/image\/"}}]}},"_links":{"self":[{"href":"https:\/\/dartawartadakhla.com\/en\/wp-json\/wp\/v2\/pages\/6202","targetHints":{"allow":["GET"]}}],"collection":[{"href":"https:\/\/dartawartadakhla.com\/en\/wp-json\/wp\/v2\/pages"}],"about":[{"href":"https:\/\/dartawartadakhla.com\/en\/wp-json\/wp\/v2\/types\/page"}],"author":[{"embeddable":true,"href":"https:\/\/dartawartadakhla.com\/en\/wp-json\/wp\/v2\/users\/1"}],"replies":[{"embeddable":true,"href":"https:\/\/dartawartadakhla.com\/en\/wp-json\/wp\/v2\/comments?post=6202"}],"version-history":[{"count":76,"href":"https:\/\/dartawartadakhla.com\/en\/wp-json\/wp\/v2\/pages\/6202\/revisions"}],"predecessor-version":[{"id":8121,"href":"https:\/\/dartawartadakhla.com\/en\/wp-json\/wp\/v2\/pages\/6202\/revisions\/8121"}],"wp:attachment":[{"href":"https:\/\/dartawartadakhla.com\/en\/wp-json\/wp\/v2\/media?parent=6202"}],"curies":[{"name":"wp","href":"https:\/\/api.w.org\/{rel}","templated":true}]}}