{"id":4624,"date":"2024-11-18T07:43:56","date_gmt":"2024-11-18T07:43:56","guid":{"rendered":"https:\/\/demo2wpopal.b-cdn.net\/amoja\/?page_id=4624"},"modified":"2026-03-03T15:25:46","modified_gmt":"2026-03-03T14:25:46","slug":"rooms-reservation","status":"publish","type":"page","link":"https:\/\/dartawartadakhla.com\/es\/rooms-reservation\/","title":{"rendered":"La reserva de habitaciones"},"content":{"rendered":"\t\t<div data-elementor-type=\"wp-page\" data-elementor-id=\"4624\" class=\"elementor elementor-4624\">\n\t\t\t\t<div class=\"elementor-element elementor-element-bf14886 e-flex e-con-boxed e-con e-parent\" data-id=\"bf14886\" data-element_type=\"container\" data-e-type=\"container\" data-settings=\"{&quot;background_background&quot;:&quot;classic&quot;}\">\n\t\t\t\t\t<div class=\"e-con-inner\">\n\t\t\t\t<div class=\"elementor-element elementor-element-3181572 animated-fast elementor-invisible elementor-widget elementor-widget-heading\" data-id=\"3181572\" data-element_type=\"widget\" data-e-type=\"widget\" data-settings=\"{&quot;_animation&quot;:&quot;opal-move-up&quot;}\" data-widget_type=\"heading.default\">\n\t\t\t\t<div class=\"elementor-widget-container\">\n\t\t\t\t\t<h1 class=\"elementor-heading-title elementor-size-default\">R\u00e9servation de chambres<\/h1>\t\t\t\t<\/div>\n\t\t\t\t<\/div>\n\t\t\t\t\t<\/div>\n\t\t\t\t<\/div>\n\t\t                <div class=\"custom-elementor-parallax\" data-id=\"bf14886\" data-settings=\"{&quot;type&quot;:&quot;scroll&quot;,&quot;speed&quot;:&quot;1.2&quot;,&quot;keepImg&quot;:&quot;true&quot;,&quot;imgSize&quot;:&quot;cover&quot;,&quot;imgPosition&quot;:&quot;50% 0%&quot;,&quot;noAndroid&quot;:&quot;false&quot;,&quot;noIos&quot;:&quot;false&quot;}\"><\/div>\n            <div class=\"elementor-element elementor-element-2a9e65c e-flex e-con-boxed e-con e-parent\" data-id=\"2a9e65c\" data-element_type=\"container\" data-e-type=\"container\">\n\t\t\t\t\t<div class=\"e-con-inner\">\n\t\t\t\t<div class=\"elementor-element elementor-element-61854f9 elementor-widget__width-initial elementor-widget elementor-widget-heading\" data-id=\"61854f9\" data-element_type=\"widget\" data-e-type=\"widget\" data-widget_type=\"heading.default\">\n\t\t\t\t<div class=\"elementor-widget-container\">\n\t\t\t\t\t<p class=\"elementor-heading-title elementor-size-default\">Choisissez votre chambre et pr\u00e9parez-vous \u00e0 vivre un s\u00e9jour authentique au c\u0153ur de la lagune de Dakhla.<\/p>\t\t\t\t<\/div>\n\t\t\t\t<\/div>\n\t\t<div class=\"elementor-element elementor-element-98fe204 e-con-full e-flex e-con e-child\" data-id=\"98fe204\" data-element_type=\"container\" data-e-type=\"container\">\n\t\t<div class=\"elementor-element elementor-element-51c0e29 e-con-full e-flex e-con e-child\" data-id=\"51c0e29\" data-element_type=\"container\" data-e-type=\"container\" data-settings=\"{&quot;sticky_on&quot;:[&quot;desktop&quot;,&quot;laptop&quot;,&quot;tablet_extra&quot;,&quot;tablet&quot;,&quot;mobile_extra&quot;],&quot;sticky&quot;:&quot;top&quot;,&quot;sticky_offset&quot;:30,&quot;sticky_parent&quot;:&quot;yes&quot;,&quot;sticky_effects_offset&quot;:0}\">\n\t\t<div class=\"elementor-element elementor-element-c51268b e-con-full e-flex e-con e-child\" data-id=\"c51268b\" data-element_type=\"container\" data-e-type=\"container\" data-settings=\"{&quot;background_background&quot;:&quot;classic&quot;}\">\n\t\t\t\t<div class=\"elementor-element elementor-element-b74ed0d elementor-widget elementor-widget-heading\" data-id=\"b74ed0d\" data-element_type=\"widget\" data-e-type=\"widget\" data-widget_type=\"heading.default\">\n\t\t\t\t<div class=\"elementor-widget-container\">\n\t\t\t\t\t<h5 class=\"elementor-heading-title elementor-size-default\">V\u00e9rifier la disponibilit\u00e9<\/h5>\t\t\t\t<\/div>\n\t\t\t\t<\/div>\n\t\t\t\t<div class=\"elementor-element elementor-element-61dcf7c taxonomies-search-layout-traditional elementor-widget elementor-widget-babe-search-form\" data-id=\"61dcf7c\" data-element_type=\"widget\" data-e-type=\"widget\" data-widget_type=\"babe-search-form.default\">\n\t\t\t\t<div class=\"elementor-widget-container\">\n\t\t\t\t\t\n        <div id=\"amoja-search-box\" class=\"babe-search-box  taxonomies-search-enable-title-yes \">\n            <form name=\"search_form\" action=\"https:\/\/dartawartadakhla.com\/es\/hebergements\/\" method=\"get\" id=\"search_form\" class=\"babe-search-form\">\n                <div class=\"search-form-inner\">\n                    <div class=\"input-group col-3\">\n                        <div class=\"field-search-group\"><div class=\"field-group-inner date-block\"><div class=\"field-search\"><div class=\"field-title advanced-header\">Arriv\u00e9e<\/div><div class=\"search_date_wrapper search_date_wrapper_date_from\"><input type=\"text\" class=\"search_date search_title_value\" id=\"date_from\" name=\"date_from\" value=\"\" placeholder=\"Select Date\"><i class=\"js-amoja-icon amoja-icon amoja-icon-arrow-down\"><\/i><\/div><\/div><\/div><\/div><div class=\"field-search-group\"><div class=\"field-group-inner\"><div class=\"field-search\"><div class=\"field-title advanced-header\">D\u00e9part<\/div><div class=\"search_date_wrapper search_date_wrapper_date_to\" data-active-0=\"1\"><input type=\"text\" class=\"search_date search_title_value\" id=\"date_to\" name=\"date_to\" value=\"\" placeholder=\"Select Date\"><i class=\"js-amoja-icon amoja-icon amoja-icon-arrow-down\"><\/i><\/div><\/div><\/div><\/div><div class=\"field-search-group\"><div class=\"field-group-inner\"><div class=\"field-search\"><div class=\"field-title advanced-header\">Personnes<\/div><div class=\"guest-block search_guests_field \"> <span class=\"search_guests_title_value search_title_value search_guests_title\">0<i class=\"js-amoja-icon amoja-icon amoja-icon-arrow-down\"><\/i><\/span>\n                                        <div class=\"search_guests_select_wrapper close_by_apply_btn\">\n                                             <div class=\"input_select_field input_select_field_guests\" data-name=\"guests[2]\">\n                              \n                              <span class=\"select_guests_title\">Adulte<\/span>\n                              <span class=\"search_guests_minus btn-search-guests-change btn btn-secondary-outlined\" tabindex=\"0\"><i class=\"fas fa-minus\"><\/i><\/span>\n                              <span class=\"select_guests_value\">0<\/span>\n                              <span class=\"search_guests_plus btn-search-guests-change btn btn-secondary-outlined\" tabindex=\"0\"><i class=\"fas fa-plus\"><\/i><\/span>\n                              <input type=\"hidden\" class=\"select_guests_input_value\" name=\"guests[2]\" value=\"0\">\n                           <\/div> <div class=\"input_select_field input_select_field_guests\" data-name=\"guests[4]\">\n                              \n                              <span class=\"select_guests_title\">Enfants<\/span>\n                              <span class=\"search_guests_minus btn-search-guests-change btn btn-secondary-outlined\" tabindex=\"0\"><i class=\"fas fa-minus\"><\/i><\/span>\n                              <span class=\"select_guests_value\">0<\/span>\n                              <span class=\"search_guests_plus btn-search-guests-change btn btn-secondary-outlined\" tabindex=\"0\"><i class=\"fas fa-plus\"><\/i><\/span>\n                              <input type=\"hidden\" class=\"select_guests_input_value\" name=\"guests[4]\" value=\"0\">\n                           <\/div>\n                                        <\/div>\n                                       <\/div>\n                                    <\/div>\n                                <\/div><\/div>                    <\/div>\n                    <div class=\"submit\">\n                        <button name=\"submit\" class=\"btn button btn-primary btn-search\" value=\"1\">\n                            <span>Consulter les tarifs<\/span><i class=\"amoja-icon-arrow-right\"><\/i>                        <\/button>\n                    <\/div>\n                    <input type=\"hidden\" name=\"request_search_results\" value=\"1\">\n                    <input type=\"hidden\" name=\"search_results_sort_by\" value=\"price_desc\">\n                    \n                <\/div>\n            <\/form>\n        <\/div>\n        \t\t\t\t<\/div>\n\t\t\t\t<\/div>\n\t\t\t\t<\/div>\n\t\t\t\t<\/div>\n\t\t\t\t<\/div>\n\t\t\t\t\t<\/div>\n\t\t\t\t<\/div>\n\t\t\t\t<\/div>\n\t\t","protected":false},"excerpt":{"rendered":"<p>R\u00e9servation de chambres Choisissez votre chambre et pr\u00e9parez-vous \u00e0 vivre un s\u00e9jour authentique au c\u0153ur de la lagune de Dakhla. V\u00e9rifier la disponibilit\u00e9 Arriv\u00e9eD\u00e9partPersonnes 0 Adult 0 Youth 0 Children 0 Consulter les tarifs<\/p>","protected":false},"author":1,"featured_media":7300,"parent":0,"menu_order":0,"comment_status":"closed","ping_status":"closed","template":"template-homepage.php","meta":{"inline_featured_image":false,"footnotes":""},"class_list":["post-4624","page","type-page","status-publish","has-post-thumbnail","hentry"],"yoast_head":"<!-- This site is optimized with the Yoast SEO plugin v26.9 - https:\/\/yoast.com\/product\/yoast-seo-wordpress\/ -->\n<title>R\u00e9servation de chambres - Dar Tawarta<\/title>\n<meta name=\"robots\" content=\"index, follow, max-snippet:-1, max-image-preview:large, max-video-preview:-1\" \/>\n<link rel=\"canonical\" href=\"https:\/\/dartawartadakhla.com\/es\/rooms-reservation\/\" \/>\n<meta property=\"og:locale\" content=\"es_ES\" \/>\n<meta property=\"og:type\" content=\"article\" \/>\n<meta property=\"og:title\" content=\"R\u00e9servation de chambres - Dar Tawarta\" \/>\n<meta property=\"og:description\" content=\"R\u00e9servation de chambres Choisissez votre chambre et pr\u00e9parez-vous \u00e0 vivre un s\u00e9jour authentique au c\u0153ur de la lagune de Dakhla. V\u00e9rifier la disponibilit\u00e9 Arriv\u00e9eD\u00e9partPersonnes 0 Adult 0 Youth 0 Children 0 Consulter les tarifs\" \/>\n<meta property=\"og:url\" content=\"https:\/\/dartawartadakhla.com\/es\/rooms-reservation\/\" \/>\n<meta property=\"og:site_name\" content=\"Dar Tawarta\" \/>\n<meta property=\"article:modified_time\" content=\"2026-03-03T14:25:46+00:00\" \/>\n<meta property=\"og:image\" content=\"https:\/\/dartawartadakhla.com\/wp-content\/uploads\/2026\/02\/room4_08-1.jpg\" \/>\n\t<meta property=\"og:image:width\" content=\"1200\" \/>\n\t<meta property=\"og:image:height\" content=\"675\" \/>\n\t<meta property=\"og:image:type\" content=\"image\/jpeg\" \/>\n<meta name=\"twitter:card\" content=\"summary_large_image\" \/>\n<meta name=\"twitter:label1\" content=\"Tiempo de lectura\" \/>\n\t<meta name=\"twitter:data1\" content=\"1 minuto\" \/>\n<script type=\"application\/ld+json\" class=\"yoast-schema-graph\">{\"@context\":\"https:\/\/schema.org\",\"@graph\":[{\"@type\":\"WebPage\",\"@id\":\"https:\/\/dartawartadakhla.com\/rooms-reservation\/\",\"url\":\"https:\/\/dartawartadakhla.com\/rooms-reservation\/\",\"name\":\"R\u00e9servation de chambres - Dar Tawarta\",\"isPartOf\":{\"@id\":\"https:\/\/dartawartadakhla.com\/#website\"},\"primaryImageOfPage\":{\"@id\":\"https:\/\/dartawartadakhla.com\/rooms-reservation\/#primaryimage\"},\"image\":{\"@id\":\"https:\/\/dartawartadakhla.com\/rooms-reservation\/#primaryimage\"},\"thumbnailUrl\":\"https:\/\/dartawartadakhla.com\/wp-content\/uploads\/2026\/02\/room4_08-1.jpg\",\"datePublished\":\"2024-11-18T07:43:56+00:00\",\"dateModified\":\"2026-03-03T14:25:46+00:00\",\"breadcrumb\":{\"@id\":\"https:\/\/dartawartadakhla.com\/rooms-reservation\/#breadcrumb\"},\"inLanguage\":\"es\",\"potentialAction\":[{\"@type\":\"ReadAction\",\"target\":[\"https:\/\/dartawartadakhla.com\/rooms-reservation\/\"]}]},{\"@type\":\"ImageObject\",\"inLanguage\":\"es\",\"@id\":\"https:\/\/dartawartadakhla.com\/rooms-reservation\/#primaryimage\",\"url\":\"https:\/\/dartawartadakhla.com\/wp-content\/uploads\/2026\/02\/room4_08-1.jpg\",\"contentUrl\":\"https:\/\/dartawartadakhla.com\/wp-content\/uploads\/2026\/02\/room4_08-1.jpg\",\"width\":1200,\"height\":675},{\"@type\":\"BreadcrumbList\",\"@id\":\"https:\/\/dartawartadakhla.com\/rooms-reservation\/#breadcrumb\",\"itemListElement\":[{\"@type\":\"ListItem\",\"position\":1,\"name\":\"Accueil\",\"item\":\"https:\/\/dartawartadakhla.com\/\"},{\"@type\":\"ListItem\",\"position\":2,\"name\":\"R\u00e9servation de chambres\"}]},{\"@type\":\"WebSite\",\"@id\":\"https:\/\/dartawartadakhla.com\/#website\",\"url\":\"https:\/\/dartawartadakhla.com\/\",\"name\":\"Dar Tawarta\",\"description\":\"\u00c9co-Lodge \u00e0 Dakhla\",\"publisher\":{\"@id\":\"https:\/\/dartawartadakhla.com\/#organization\"},\"potentialAction\":[{\"@type\":\"SearchAction\",\"target\":{\"@type\":\"EntryPoint\",\"urlTemplate\":\"https:\/\/dartawartadakhla.com\/?s={search_term_string}\"},\"query-input\":{\"@type\":\"PropertyValueSpecification\",\"valueRequired\":true,\"valueName\":\"search_term_string\"}}],\"inLanguage\":\"es\"},{\"@type\":\"Organization\",\"@id\":\"https:\/\/dartawartadakhla.com\/#organization\",\"name\":\"Dar Tawarta\",\"url\":\"https:\/\/dartawartadakhla.com\/\",\"logo\":{\"@type\":\"ImageObject\",\"inLanguage\":\"es\",\"@id\":\"https:\/\/dartawartadakhla.com\/#\/schema\/logo\/image\/\",\"url\":\"https:\/\/dartawartadakhla.com\/wp-content\/uploads\/2024\/11\/cropped-cropped-Logo_DT_mail-1.png\",\"contentUrl\":\"https:\/\/dartawartadakhla.com\/wp-content\/uploads\/2024\/11\/cropped-cropped-Logo_DT_mail-1.png\",\"width\":377,\"height\":100,\"caption\":\"Dar Tawarta\"},\"image\":{\"@id\":\"https:\/\/dartawartadakhla.com\/#\/schema\/logo\/image\/\"}}]}<\/script>\n<!-- \/ Yoast SEO plugin. -->","yoast_head_json":{"title":"La reserva de habitaciones - Dar Tawarta","robots":{"index":"index","follow":"follow","max-snippet":"max-snippet:-1","max-image-preview":"max-image-preview:large","max-video-preview":"max-video-preview:-1"},"canonical":"https:\/\/dartawartadakhla.com\/es\/rooms-reservation\/","og_locale":"es_ES","og_type":"article","og_title":"R\u00e9servation de chambres - Dar Tawarta","og_description":"R\u00e9servation de chambres Choisissez votre chambre et pr\u00e9parez-vous \u00e0 vivre un s\u00e9jour authentique au c\u0153ur de la lagune de Dakhla. V\u00e9rifier la disponibilit\u00e9 Arriv\u00e9eD\u00e9partPersonnes 0 Adult 0 Youth 0 Children 0 Consulter les tarifs","og_url":"https:\/\/dartawartadakhla.com\/es\/rooms-reservation\/","og_site_name":"Dar Tawarta","article_modified_time":"2026-03-03T14:25:46+00:00","og_image":[{"width":1200,"height":675,"url":"https:\/\/dartawartadakhla.com\/wp-content\/uploads\/2026\/02\/room4_08-1.jpg","type":"image\/jpeg"}],"twitter_card":"summary_large_image","twitter_misc":{"Tiempo de lectura":"1 minuto"},"schema":{"@context":"https:\/\/schema.org","@graph":[{"@type":"WebPage","@id":"https:\/\/dartawartadakhla.com\/rooms-reservation\/","url":"https:\/\/dartawartadakhla.com\/rooms-reservation\/","name":"La reserva de habitaciones - Dar Tawarta","isPartOf":{"@id":"https:\/\/dartawartadakhla.com\/#website"},"primaryImageOfPage":{"@id":"https:\/\/dartawartadakhla.com\/rooms-reservation\/#primaryimage"},"image":{"@id":"https:\/\/dartawartadakhla.com\/rooms-reservation\/#primaryimage"},"thumbnailUrl":"https:\/\/dartawartadakhla.com\/wp-content\/uploads\/2026\/02\/room4_08-1.jpg","datePublished":"2024-11-18T07:43:56+00:00","dateModified":"2026-03-03T14:25:46+00:00","breadcrumb":{"@id":"https:\/\/dartawartadakhla.com\/rooms-reservation\/#breadcrumb"},"inLanguage":"es","potentialAction":[{"@type":"ReadAction","target":["https:\/\/dartawartadakhla.com\/rooms-reservation\/"]}]},{"@type":"ImageObject","inLanguage":"es","@id":"https:\/\/dartawartadakhla.com\/rooms-reservation\/#primaryimage","url":"https:\/\/dartawartadakhla.com\/wp-content\/uploads\/2026\/02\/room4_08-1.jpg","contentUrl":"https:\/\/dartawartadakhla.com\/wp-content\/uploads\/2026\/02\/room4_08-1.jpg","width":1200,"height":675},{"@type":"BreadcrumbList","@id":"https:\/\/dartawartadakhla.com\/rooms-reservation\/#breadcrumb","itemListElement":[{"@type":"ListItem","position":1,"name":"Accueil","item":"https:\/\/dartawartadakhla.com\/"},{"@type":"ListItem","position":2,"name":"R\u00e9servation de chambres"}]},{"@type":"WebSite","@id":"https:\/\/dartawartadakhla.com\/#website","url":"https:\/\/dartawartadakhla.com\/","name":"Dar Tawarta","description":"Eco-Lodge en Dakhla","publisher":{"@id":"https:\/\/dartawartadakhla.com\/#organization"},"potentialAction":[{"@type":"SearchAction","target":{"@type":"EntryPoint","urlTemplate":"https:\/\/dartawartadakhla.com\/?s={search_term_string}"},"query-input":{"@type":"PropertyValueSpecification","valueRequired":true,"valueName":"search_term_string"}}],"inLanguage":"es"},{"@type":"Organization","@id":"https:\/\/dartawartadakhla.com\/#organization","name":"Dar Tawarta","url":"https:\/\/dartawartadakhla.com\/","logo":{"@type":"ImageObject","inLanguage":"es","@id":"https:\/\/dartawartadakhla.com\/#\/schema\/logo\/image\/","url":"https:\/\/dartawartadakhla.com\/wp-content\/uploads\/2024\/11\/cropped-cropped-Logo_DT_mail-1.png","contentUrl":"https:\/\/dartawartadakhla.com\/wp-content\/uploads\/2024\/11\/cropped-cropped-Logo_DT_mail-1.png","width":377,"height":100,"caption":"Dar Tawarta"},"image":{"@id":"https:\/\/dartawartadakhla.com\/#\/schema\/logo\/image\/"}}]}},"_links":{"self":[{"href":"https:\/\/dartawartadakhla.com\/es\/wp-json\/wp\/v2\/pages\/4624","targetHints":{"allow":["GET"]}}],"collection":[{"href":"https:\/\/dartawartadakhla.com\/es\/wp-json\/wp\/v2\/pages"}],"about":[{"href":"https:\/\/dartawartadakhla.com\/es\/wp-json\/wp\/v2\/types\/page"}],"author":[{"embeddable":true,"href":"https:\/\/dartawartadakhla.com\/es\/wp-json\/wp\/v2\/users\/1"}],"replies":[{"embeddable":true,"href":"https:\/\/dartawartadakhla.com\/es\/wp-json\/wp\/v2\/comments?post=4624"}],"version-history":[{"count":9,"href":"https:\/\/dartawartadakhla.com\/es\/wp-json\/wp\/v2\/pages\/4624\/revisions"}],"predecessor-version":[{"id":7634,"href":"https:\/\/dartawartadakhla.com\/es\/wp-json\/wp\/v2\/pages\/4624\/revisions\/7634"}],"wp:featuredmedia":[{"embeddable":true,"href":"https:\/\/dartawartadakhla.com\/es\/wp-json\/wp\/v2\/media\/7300"}],"wp:attachment":[{"href":"https:\/\/dartawartadakhla.com\/es\/wp-json\/wp\/v2\/media?parent=4624"}],"curies":[{"name":"wp","href":"https:\/\/api.w.org\/{rel}","templated":true}]}}