{"id":7438,"date":"2026-02-27T12:50:38","date_gmt":"2026-02-27T11:50:38","guid":{"rendered":"https:\/\/dartawartadakhla.com\/?page_id=7438"},"modified":"2026-03-18T15:39:29","modified_gmt":"2026-03-18T14:39:29","slug":"infos-pratiques","status":"publish","type":"page","link":"https:\/\/dartawartadakhla.com\/es\/infos-pratiques\/","title":{"rendered":"Pr\u00e1ctica Info"},"content":{"rendered":"<div data-elementor-type=\"wp-page\" data-elementor-id=\"7438\" class=\"elementor elementor-7438\">\n\t\t\t\t<div class=\"elementor-element elementor-element-97eec72 e-flex e-con-boxed e-con e-parent\" data-id=\"97eec72\" data-element_type=\"container\" data-e-type=\"container\" data-settings=\"{&quot;background_background&quot;:&quot;classic&quot;}\">\n\t\t\t\t\t<div class=\"e-con-inner\">\n\t\t\t\t<div class=\"elementor-element elementor-element-af9404b animated-fast elementor-invisible elementor-widget elementor-widget-heading\" data-id=\"af9404b\" data-element_type=\"widget\" data-e-type=\"widget\" data-settings=\"{&quot;_animation&quot;:&quot;opal-move-up&quot;}\" data-widget_type=\"heading.default\">\n\t\t\t\t<div class=\"elementor-widget-container\">\n\t\t\t\t\t<h1 class=\"elementor-heading-title elementor-size-default\">Pr\u00e1ctica Info\n<\/h1>\t\t\t\t<\/div>\n\t\t\t\t<\/div>\n\t\t\t\t\t<\/div>\n\t\t\t\t<\/div>\n\t\t                <div class=\"custom-elementor-parallax\" data-id=\"97eec72\" data-settings=\"{&quot;type&quot;:&quot;scroll&quot;,&quot;speed&quot;:&quot;1.2&quot;,&quot;keepImg&quot;:&quot;true&quot;,&quot;imgSize&quot;:&quot;cover&quot;,&quot;imgPosition&quot;:&quot;50% 0%&quot;,&quot;noAndroid&quot;:&quot;false&quot;,&quot;noIos&quot;:&quot;false&quot;}\"><\/div>\n            <div class=\"elementor-element elementor-element-32431c9 e-flex e-con-boxed e-con e-parent\" data-id=\"32431c9\" data-element_type=\"container\" data-e-type=\"container\">\n\t\t\t\t\t<div class=\"e-con-inner\">\n\t\t<div class=\"elementor-element elementor-element-aaef32f e-con-full e-flex e-con e-child\" data-id=\"aaef32f\" data-element_type=\"container\" data-e-type=\"container\">\n\t\t\t\t<div class=\"elementor-element elementor-element-85c8da3 elementor-widget elementor-widget-text-editor\" data-id=\"85c8da3\" data-element_type=\"widget\" data-e-type=\"widget\" data-widget_type=\"text-editor.default\">\n\t\t\t\t<div class=\"elementor-widget-container\">\n\t\t\t\t\t\t\t\t\t<p data-start=\"378\" data-end=\"405\">PREPARAR SU ESTANCIA<\/p>\t\t\t\t\t\t\t\t<\/div>\n\t\t\t\t<\/div>\n\t\t\t\t<div class=\"elementor-element elementor-element-64f2549 elementor-widget elementor-widget-heading\" data-id=\"64f2549\" data-element_type=\"widget\" data-e-type=\"widget\" data-widget_type=\"heading.default\">\n\t\t\t\t<div class=\"elementor-widget-container\">\n\t\t\t\t\t<h2 class=\"elementor-heading-title elementor-size-default\">Su estancia en Dakhla en la serenidad<\/h2>\t\t\t\t<\/div>\n\t\t\t\t<\/div>\n\t\t\t\t<div class=\"elementor-element elementor-element-7b11ed3 elementor-widget elementor-widget-text-editor\" data-id=\"7b11ed3\" data-element_type=\"widget\" data-e-type=\"widget\" data-widget_type=\"text-editor.default\">\n\t\t\t\t<div class=\"elementor-widget-container\">\n\t\t\t\t\t\t\t\t\t<p data-start=\"486\" data-end=\"659\">Con el fin de facilitar su llegada y le permitir\u00e1 disfrutar plenamente de su estancia en Dar Tawarta, hemos recopilado la informaci\u00f3n esencial.<\/p><p data-start=\"661\" data-end=\"774\">Si necesita m\u00e1s ayuda, nuestro personal est\u00e1 siempre disponible antes y durante su estancia.<\/p>\t\t\t\t\t\t\t\t<\/div>\n\t\t\t\t<\/div>\n\t\t\t\t<\/div>\n\t\t<div class=\"elementor-element elementor-element-f2bba86 e-con-full e-flex e-con e-child\" data-id=\"f2bba86\" data-element_type=\"container\" data-e-type=\"container\" data-settings=\"{&quot;background_background&quot;:&quot;classic&quot;}\">\n\t\t\t\t<\/div>\n\t\t\t\t\t<\/div>\n\t\t\t\t<\/div>\n\t\t<div class=\"elementor-element elementor-element-6665507 e-flex e-con-boxed e-con e-parent\" data-id=\"6665507\" data-element_type=\"container\" data-e-type=\"container\" data-settings=\"{&quot;background_background&quot;:&quot;classic&quot;}\">\n\t\t\t\t\t<div class=\"e-con-inner\">\n\t\t<div class=\"elementor-element elementor-element-13395fc e-con-full e-flex e-con e-child\" data-id=\"13395fc\" data-element_type=\"container\" data-e-type=\"container\" data-settings=\"{&quot;background_background&quot;:&quot;classic&quot;}\">\n\t\t\t\t<div class=\"elementor-element elementor-element-3230be8 elementor-widget elementor-widget-text-editor\" data-id=\"3230be8\" data-element_type=\"widget\" data-e-type=\"widget\" data-widget_type=\"text-editor.default\">\n\t\t\t\t<div class=\"elementor-widget-container\">\n\t\t\t\t\t\t\t\t\t<p>Un ecosistema \u00fanico que merece una atenci\u00f3n permanente.<\/p>\t\t\t\t\t\t\t\t<\/div>\n\t\t\t\t<\/div>\n\t\t\t\t<div class=\"elementor-element elementor-element-e0780f8 elementor-widget__width-initial elementor-widget elementor-widget-heading\" data-id=\"e0780f8\" data-element_type=\"widget\" data-e-type=\"widget\" data-widget_type=\"heading.default\">\n\t\t\t\t<div class=\"elementor-widget-container\">\n\t\t\t\t\t<h2 class=\"elementor-heading-title elementor-size-default\">Estamos continuamente ajustar nuestras pr\u00e1cticas para preservar la laguna, el desierto y la biodiversidad fr\u00e1gil que hacer Dakhla \u00fanico.<\/h2>\t\t\t\t<\/div>\n\t\t\t\t<\/div>\n\t\t\t\t<\/div>\n\t\t\t\t\t<\/div>\n\t\t\t\t<\/div>\n\t\t<div class=\"elementor-element elementor-element-b1aa3f4 e-flex e-con-boxed e-con e-parent\" data-id=\"b1aa3f4\" data-element_type=\"container\" data-e-type=\"container\">\n\t\t\t\t\t<div class=\"e-con-inner\">\n\t\t<div class=\"elementor-element elementor-element-effe2e0 e-con-full e-flex e-con e-child\" data-id=\"effe2e0\" data-element_type=\"container\" data-e-type=\"container\">\n\t\t\t\t<div class=\"elementor-element elementor-element-2b6283e elementor-widget elementor-widget-text-editor\" data-id=\"2b6283e\" data-element_type=\"widget\" data-e-type=\"widget\" data-widget_type=\"text-editor.default\">\n\t\t\t\t<div class=\"elementor-widget-container\">\n\t\t\t\t\t\t\t\t\t<p data-start=\"378\" data-end=\"405\">ACCESO<\/p>\t\t\t\t\t\t\t\t<\/div>\n\t\t\t\t<\/div>\n\t\t\t\t<div class=\"elementor-element elementor-element-9c2d159 elementor-widget elementor-widget-heading\" data-id=\"9c2d159\" data-element_type=\"widget\" data-e-type=\"widget\" data-widget_type=\"heading.default\">\n\t\t\t\t<div class=\"elementor-widget-container\">\n\t\t\t\t\t<h2 class=\"elementor-heading-title elementor-size-default\">C\u00f3mo llegar a Dar tawarta<\/h2>\t\t\t\t<\/div>\n\t\t\t\t<\/div>\n\t\t\t\t<div class=\"elementor-element elementor-element-1138814 elementor-widget elementor-widget-text-editor\" data-id=\"1138814\" data-element_type=\"widget\" data-e-type=\"widget\" data-widget_type=\"text-editor.default\">\n\t\t\t\t<div class=\"elementor-widget-container\">\n\t\t\t\t\t\t\t\t\t<p data-start=\"1060\" data-end=\"1205\">Dar Tawarta se encuentra en frente de la laguna de Dakhla, a pocos minutos del centro de la ciudad y a unos 20 minutos del aeropuerto de Dakhla.<\/p><p data-start=\"1207\" data-end=\"1258\">Podemos organizar su traslado bajo petici\u00f3n.<\/p>\t\t\t\t\t\t\t\t<\/div>\n\t\t\t\t<\/div>\n\t\t\t\t<div class=\"elementor-element elementor-element-6d5ba63 elementor-icon-list--layout-traditional elementor-list-item-link-full_width elementor-widget elementor-widget-icon-list\" data-id=\"6d5ba63\" data-element_type=\"widget\" data-e-type=\"widget\" data-widget_type=\"icon-list.default\">\n\t\t\t\t<div class=\"elementor-widget-container\">\n\t\t\t\t\t\t\t<ul class=\"elementor-icon-list-items\">\n\t\t\t\t\t\t\t<li class=\"elementor-icon-list-item\">\n\t\t\t\t\t\t\t\t\t\t\t<span class=\"elementor-icon-list-icon\">\n\t\t\t\t\t\t\t<svg aria-hidden=\"true\" class=\"e-font-icon-svg e-fas-check\" viewbox=\"0 0 512 512\" xmlns=\"http:\/\/www.w3.org\/2000\/svg\"><path d=\"M173.898 439.404l-166.4-166.4c-9.997-9.997-9.997-26.206 0-36.204l36.203-36.204c9.997-9.998 26.207-9.998 36.204 0L192 312.69 432.095 72.596c9.997-9.997 26.207-9.997 36.204 0l36.203 36.204c9.997 9.997 9.997 26.206 0 36.204l-294.4 294.401c-9.998 9.997-26.207 9.997-36.204-.001z\"><\/path><\/svg>\t\t\t\t\t\t<\/span>\n\t\t\t\t\t\t\t\t\t\t<span class=\"elementor-icon-list-text\">El aeropuerto de Dakhla (VIL)<\/span>\n\t\t\t\t\t\t\t\t\t<\/li>\n\t\t\t\t\t\t\t\t<li class=\"elementor-icon-list-item\">\n\t\t\t\t\t\t\t\t\t\t\t<span class=\"elementor-icon-list-icon\">\n\t\t\t\t\t\t\t<svg aria-hidden=\"true\" class=\"e-font-icon-svg e-fas-check\" viewbox=\"0 0 512 512\" xmlns=\"http:\/\/www.w3.org\/2000\/svg\"><path d=\"M173.898 439.404l-166.4-166.4c-9.997-9.997-9.997-26.206 0-36.204l36.203-36.204c9.997-9.998 26.207-9.998 36.204 0L192 312.69 432.095 72.596c9.997-9.997 26.207-9.997 36.204 0l36.203 36.204c9.997 9.997 9.997 26.206 0 36.204l-294.4 294.401c-9.998 9.997-26.207 9.997-36.204-.001z\"><\/path><\/svg>\t\t\t\t\t\t<\/span>\n\t\t\t\t\t\t\t\t\t\t<span class=\"elementor-icon-list-text\">Traslado privado disponible<\/span>\n\t\t\t\t\t\t\t\t\t<\/li>\n\t\t\t\t\t\t\t\t<li class=\"elementor-icon-list-item\">\n\t\t\t\t\t\t\t\t\t\t\t<span class=\"elementor-icon-list-icon\">\n\t\t\t\t\t\t\t<svg aria-hidden=\"true\" class=\"e-font-icon-svg e-fas-check\" viewbox=\"0 0 512 512\" xmlns=\"http:\/\/www.w3.org\/2000\/svg\"><path d=\"M173.898 439.404l-166.4-166.4c-9.997-9.997-9.997-26.206 0-36.204l36.203-36.204c9.997-9.998 26.207-9.998 36.204 0L192 312.69 432.095 72.596c9.997-9.997 26.207-9.997 36.204 0l36.203 36.204c9.997 9.997 9.997 26.206 0 36.204l-294.4 294.401c-9.998 9.997-26.207 9.997-36.204-.001z\"><\/path><\/svg>\t\t\t\t\t\t<\/span>\n\t\t\t\t\t\t\t\t\t\t<span class=\"elementor-icon-list-text\">Aparcamiento gratuito en el establecimiento<\/span>\n\t\t\t\t\t\t\t\t\t<\/li>\n\t\t\t\t\t\t<\/ul>\n\t\t\t\t\t\t<\/div>\n\t\t\t\t<\/div>\n\t\t\t\t<\/div>\n\t\t<div class=\"elementor-element elementor-element-6026e83 e-con-full e-flex e-con e-child\" data-id=\"6026e83\" data-element_type=\"container\" data-e-type=\"container\" data-settings=\"{&quot;background_background&quot;:&quot;classic&quot;}\">\n\t\t\t\t<\/div>\n\t\t\t\t\t<\/div>\n\t\t\t\t<\/div>\n\t\t<div class=\"elementor-element elementor-element-fd6b52f e-flex e-con-boxed e-con e-parent\" data-id=\"fd6b52f\" data-element_type=\"container\" data-e-type=\"container\" data-settings=\"{&quot;background_background&quot;:&quot;classic&quot;}\">\n\t\t\t\t\t<div class=\"e-con-inner\">\n\t\t<div class=\"elementor-element elementor-element-7d1d1a1 e-con-full e-flex e-con e-child\" data-id=\"7d1d1a1\" data-element_type=\"container\" data-e-type=\"container\">\n\t\t\t\t<div class=\"elementor-element elementor-element-b13fdba elementor-widget elementor-widget-text-editor\" data-id=\"b13fdba\" data-element_type=\"widget\" data-e-type=\"widget\" data-widget_type=\"text-editor.default\">\n\t\t\t\t<div class=\"elementor-widget-container\">\n\t\t\t\t\t\t\t\t\t<p data-start=\"378\" data-end=\"405\">RESERVA<\/p>\t\t\t\t\t\t\t\t<\/div>\n\t\t\t\t<\/div>\n\t\t\t\t<div class=\"elementor-element elementor-element-9cfa60f elementor-widget elementor-widget-heading\" data-id=\"9cfa60f\" data-element_type=\"widget\" data-e-type=\"widget\" data-widget_type=\"heading.default\">\n\t\t\t\t<div class=\"elementor-widget-container\">\n\t\t\t\t\t<h2 class=\"elementor-heading-title elementor-size-default\">T\u00e9rminos &amp; condiciones<\/h2>\t\t\t\t<\/div>\n\t\t\t\t<\/div>\n\t\t\t\t<div class=\"elementor-element elementor-element-61058aa elementor-widget elementor-widget-text-editor\" data-id=\"61058aa\" data-element_type=\"widget\" data-e-type=\"widget\" data-widget_type=\"text-editor.default\">\n\t\t\t\t<div class=\"elementor-widget-container\">\n\t\t\t\t\t\t\t\t\t<p data-start=\"1478\" data-end=\"1576\">Le invitamos a consultar la siguiente informaci\u00f3n con respecto a las reservas<\/p>\t\t\t\t\t\t\t\t<\/div>\n\t\t\t\t<\/div>\n\t\t\t\t<div class=\"elementor-element elementor-element-a07a51c elementor-icon-list--layout-traditional elementor-list-item-link-full_width elementor-widget elementor-widget-icon-list\" data-id=\"a07a51c\" data-element_type=\"widget\" data-e-type=\"widget\" data-widget_type=\"icon-list.default\">\n\t\t\t\t<div class=\"elementor-widget-container\">\n\t\t\t\t\t\t\t<ul class=\"elementor-icon-list-items\">\n\t\t\t\t\t\t\t<li class=\"elementor-icon-list-item\">\n\t\t\t\t\t\t\t\t\t\t\t<span class=\"elementor-icon-list-icon\">\n\t\t\t\t\t\t\t<svg aria-hidden=\"true\" class=\"e-font-icon-svg e-fas-check\" viewbox=\"0 0 512 512\" xmlns=\"http:\/\/www.w3.org\/2000\/svg\"><path d=\"M173.898 439.404l-166.4-166.4c-9.997-9.997-9.997-26.206 0-36.204l36.203-36.204c9.997-9.998 26.207-9.998 36.204 0L192 312.69 432.095 72.596c9.997-9.997 26.207-9.997 36.204 0l36.203 36.204c9.997 9.997 9.997 26.206 0 36.204l-294.4 294.401c-9.998 9.997-26.207 9.997-36.204-.001z\"><\/path><\/svg>\t\t\t\t\t\t<\/span>\n\t\t\t\t\t\t\t\t\t\t<span class=\"elementor-icon-list-text\">Confirmaci\u00f3n de la reserva enviada a usted por correo electr\u00f3nico<\/span>\n\t\t\t\t\t\t\t\t\t<\/li>\n\t\t\t\t\t\t\t\t<li class=\"elementor-icon-list-item\">\n\t\t\t\t\t\t\t\t\t\t\t<span class=\"elementor-icon-list-icon\">\n\t\t\t\t\t\t\t<svg aria-hidden=\"true\" class=\"e-font-icon-svg e-fas-check\" viewbox=\"0 0 512 512\" xmlns=\"http:\/\/www.w3.org\/2000\/svg\"><path d=\"M173.898 439.404l-166.4-166.4c-9.997-9.997-9.997-26.206 0-36.204l36.203-36.204c9.997-9.998 26.207-9.998 36.204 0L192 312.69 432.095 72.596c9.997-9.997 26.207-9.997 36.204 0l36.203 36.204c9.997 9.997 9.997 26.206 0 36.204l-294.4 294.401c-9.998 9.997-26.207 9.997-36.204-.001z\"><\/path><\/svg>\t\t\t\t\t\t<\/span>\n\t\t\t\t\t\t\t\t\t\t<span class=\"elementor-icon-list-text\">Pol\u00edtica de cancelaci\u00f3n especificada en la reserva<\/span>\n\t\t\t\t\t\t\t\t\t<\/li>\n\t\t\t\t\t\t\t\t<li class=\"elementor-icon-list-item\">\n\t\t\t\t\t\t\t\t\t\t\t<span class=\"elementor-icon-list-icon\">\n\t\t\t\t\t\t\t<svg aria-hidden=\"true\" class=\"e-font-icon-svg e-fas-check\" viewbox=\"0 0 512 512\" xmlns=\"http:\/\/www.w3.org\/2000\/svg\"><path d=\"M173.898 439.404l-166.4-166.4c-9.997-9.997-9.997-26.206 0-36.204l36.203-36.204c9.997-9.998 26.207-9.998 36.204 0L192 312.69 432.095 72.596c9.997-9.997 26.207-9.997 36.204 0l36.203 36.204c9.997 9.997 9.997 26.206 0 36.204l-294.4 294.401c-9.998 9.997-26.207 9.997-36.204-.001z\"><\/path><\/svg>\t\t\t\t\t\t<\/span>\n\t\t\t\t\t\t\t\t\t\t<span class=\"elementor-icon-list-text\">De pago en el sitio o en l\u00ednea, en funci\u00f3n de la oferta seleccionada<\/span>\n\t\t\t\t\t\t\t\t\t<\/li>\n\t\t\t\t\t\t\t\t<li class=\"elementor-icon-list-item\">\n\t\t\t\t\t\t\t\t\t\t\t<span class=\"elementor-icon-list-icon\">\n\t\t\t\t\t\t\t<svg aria-hidden=\"true\" class=\"e-font-icon-svg e-fas-check\" viewbox=\"0 0 512 512\" xmlns=\"http:\/\/www.w3.org\/2000\/svg\"><path d=\"M173.898 439.404l-166.4-166.4c-9.997-9.997-9.997-26.206 0-36.204l36.203-36.204c9.997-9.998 26.207-9.998 36.204 0L192 312.69 432.095 72.596c9.997-9.997 26.207-9.997 36.204 0l36.203 36.204c9.997 9.997 9.997 26.206 0 36.204l-294.4 294.401c-9.998 9.997-26.207 9.997-36.204-.001z\"><\/path><\/svg>\t\t\t\t\t\t<\/span>\n\t\t\t\t\t\t\t\t\t\t<span class=\"elementor-icon-list-text\">Identificaci\u00f3n requerida en el check-in<\/span>\n\t\t\t\t\t\t\t\t\t<\/li>\n\t\t\t\t\t\t<\/ul>\n\t\t\t\t\t\t<\/div>\n\t\t\t\t<\/div>\n\t\t\t\t<\/div>\n\t\t<div class=\"elementor-element elementor-element-89c1e0e e-con-full e-flex e-con e-child\" data-id=\"89c1e0e\" data-element_type=\"container\" data-e-type=\"container\" data-settings=\"{&quot;background_background&quot;:&quot;classic&quot;}\">\n\t\t\t\t<\/div>\n\t\t\t\t\t<\/div>\n\t\t\t\t<\/div>\n\t\t<div class=\"elementor-element elementor-element-027f104 e-flex e-con-boxed e-con e-parent\" data-id=\"027f104\" data-element_type=\"container\" data-e-type=\"container\" data-settings=\"{&quot;background_background&quot;:&quot;classic&quot;}\">\n\t\t\t\t\t<div class=\"e-con-inner\">\n\t\t\t\t<div class=\"elementor-element elementor-element-96a6df7 elementor-widget elementor-widget-text-editor\" data-id=\"96a6df7\" data-element_type=\"widget\" data-e-type=\"widget\" data-widget_type=\"text-editor.default\">\n\t\t\t\t<div class=\"elementor-widget-container\">\n\t\t\t\t\t\t\t\t\t<p>Reserva<\/p>\t\t\t\t\t\t\t\t<\/div>\n\t\t\t\t<\/div>\n\t\t\t\t<div class=\"elementor-element elementor-element-13c11d0 elementor-widget elementor-widget-heading\" data-id=\"13c11d0\" data-element_type=\"widget\" data-e-type=\"widget\" data-widget_type=\"heading.default\">\n\t\t\t\t<div class=\"elementor-widget-container\">\n\t\t\t\t\t<h2 class=\"elementor-heading-title elementor-size-default\">Elija una estancia comprometidos<\/h2>\t\t\t\t<\/div>\n\t\t\t\t<\/div>\n\t\t\t\t<div class=\"elementor-element elementor-element-584c393 elementor-widget elementor-widget-text-editor\" data-id=\"584c393\" data-element_type=\"widget\" data-e-type=\"widget\" data-widget_type=\"text-editor.default\">\n\t\t\t\t<div class=\"elementor-widget-container\">\n\t\t\t\t\t\t\t\t\t<p data-start=\"2906\" data-end=\"3076\">Estancia en Dar Tawarta es participar en una visi\u00f3n de un turismo m\u00e1s responsable, en armon\u00eda con la naturaleza excepcional de Dakhla.<\/p>\t\t\t\t\t\t\t\t<\/div>\n\t\t\t\t<\/div>\n\t\t\t\t<div class=\"elementor-element elementor-element-06842e9 elementor-align-center elementor-button-default elementor-widget elementor-widget-button\" data-id=\"06842e9\" data-element_type=\"widget\" data-e-type=\"widget\" data-widget_type=\"button.default\">\n\t\t\t\t<div class=\"elementor-widget-container\">\n\t\t\t\t\t\t\t\t\t<div class=\"elementor-button-wrapper\">\n\t\t\t\t\t<a class=\"elementor-button elementor-button-link elementor-size-sm\" href=\"https:\/\/dartawartadakhla.com\/es\/hebergements\/\">\n\t\t\t\t\t\t<span class=\"elementor-button-content-wrapper\">\n\t\t\t\t\t\t\t\t\t<span class=\"elementor-button-text\">Reserve su estancia<\/span>\n\t\t\t\t\t<\/span>\n\t\t\t\t\t<\/a>\n\t\t\t\t<\/div>\n\t\t\t\t\t\t\t\t<\/div>\n\t\t\t\t<\/div>\n\t\t\t\t\t<\/div>\n\t\t\t\t<\/div>\n\t\t\t\t<\/div>","protected":false},"excerpt":{"rendered":"<p>Infos Pratiques PR\u00c9PARER VOTRE S\u00c9JOUR Votre s\u00e9jour \u00e0 Dakhla en toute s\u00e9r\u00e9nit\u00e9 Afin de faciliter votre arriv\u00e9e et de vous permettre de profiter pleinement de votre s\u00e9jour \u00e0 Dar Tawarta, nous avons regroup\u00e9 ici les informations essentielles. Si vous avez besoin d\u2019une assistance compl\u00e9mentaire, notre \u00e9quipe reste disponible avant et pendant votre s\u00e9jour. Un \u00e9cosyst\u00e8me [&hellip;]<\/p>\n","protected":false},"author":1,"featured_media":0,"parent":0,"menu_order":0,"comment_status":"closed","ping_status":"closed","template":"","meta":{"inline_featured_image":false,"footnotes":""},"class_list":["post-7438","page","type-page","status-publish","hentry"],"yoast_head":"<!-- This site is optimized with the Yoast SEO plugin v26.9 - https:\/\/yoast.com\/product\/yoast-seo-wordpress\/ -->\n<title>Infos Pratiques - Dar Tawarta<\/title>\n<meta name=\"robots\" content=\"index, follow, max-snippet:-1, max-image-preview:large, max-video-preview:-1\" \/>\n<link rel=\"canonical\" href=\"https:\/\/dartawartadakhla.com\/es\/infos-pratiques\/\" \/>\n<meta property=\"og:locale\" content=\"es_ES\" \/>\n<meta property=\"og:type\" content=\"article\" \/>\n<meta property=\"og:title\" content=\"Infos Pratiques - Dar Tawarta\" \/>\n<meta property=\"og:description\" content=\"Infos Pratiques PR\u00c9PARER VOTRE S\u00c9JOUR Votre s\u00e9jour \u00e0 Dakhla en toute s\u00e9r\u00e9nit\u00e9 Afin de faciliter votre arriv\u00e9e et de vous permettre de profiter pleinement de votre s\u00e9jour \u00e0 Dar Tawarta, nous avons regroup\u00e9 ici les informations essentielles. Si vous avez besoin d\u2019une assistance compl\u00e9mentaire, notre \u00e9quipe reste disponible avant et pendant votre s\u00e9jour. Un \u00e9cosyst\u00e8me [&hellip;]\" \/>\n<meta property=\"og:url\" content=\"https:\/\/dartawartadakhla.com\/es\/infos-pratiques\/\" \/>\n<meta property=\"og:site_name\" content=\"Dar Tawarta\" \/>\n<meta property=\"article:modified_time\" content=\"2026-03-18T14:39:29+00:00\" \/>\n<meta name=\"twitter:card\" content=\"summary_large_image\" \/>\n<meta name=\"twitter:label1\" content=\"Tiempo de lectura\" \/>\n\t<meta name=\"twitter:data1\" content=\"1 minuto\" \/>\n<script type=\"application\/ld+json\" class=\"yoast-schema-graph\">{\"@context\":\"https:\/\/schema.org\",\"@graph\":[{\"@type\":\"WebPage\",\"@id\":\"https:\/\/dartawartadakhla.com\/fr_fr\/infos-pratiques\/\",\"url\":\"https:\/\/dartawartadakhla.com\/fr_fr\/infos-pratiques\/\",\"name\":\"Infos Pratiques - Dar Tawarta\",\"isPartOf\":{\"@id\":\"https:\/\/dartawartadakhla.com\/#website\"},\"datePublished\":\"2026-02-27T11:50:38+00:00\",\"dateModified\":\"2026-03-18T14:39:29+00:00\",\"breadcrumb\":{\"@id\":\"https:\/\/dartawartadakhla.com\/fr_fr\/infos-pratiques\/#breadcrumb\"},\"inLanguage\":\"es\",\"potentialAction\":[{\"@type\":\"ReadAction\",\"target\":[\"https:\/\/dartawartadakhla.com\/fr_fr\/infos-pratiques\/\"]}]},{\"@type\":\"BreadcrumbList\",\"@id\":\"https:\/\/dartawartadakhla.com\/fr_fr\/infos-pratiques\/#breadcrumb\",\"itemListElement\":[{\"@type\":\"ListItem\",\"position\":1,\"name\":\"Accueil\",\"item\":\"https:\/\/dartawartadakhla.com\/\"},{\"@type\":\"ListItem\",\"position\":2,\"name\":\"Infos Pratiques\"}]},{\"@type\":\"WebSite\",\"@id\":\"https:\/\/dartawartadakhla.com\/#website\",\"url\":\"https:\/\/dartawartadakhla.com\/\",\"name\":\"Dar Tawarta\",\"description\":\"\u00c9co-Lodge \u00e0 Dakhla\",\"publisher\":{\"@id\":\"https:\/\/dartawartadakhla.com\/#organization\"},\"potentialAction\":[{\"@type\":\"SearchAction\",\"target\":{\"@type\":\"EntryPoint\",\"urlTemplate\":\"https:\/\/dartawartadakhla.com\/?s={search_term_string}\"},\"query-input\":{\"@type\":\"PropertyValueSpecification\",\"valueRequired\":true,\"valueName\":\"search_term_string\"}}],\"inLanguage\":\"es\"},{\"@type\":\"Organization\",\"@id\":\"https:\/\/dartawartadakhla.com\/#organization\",\"name\":\"Dar Tawarta\",\"url\":\"https:\/\/dartawartadakhla.com\/\",\"logo\":{\"@type\":\"ImageObject\",\"inLanguage\":\"es\",\"@id\":\"https:\/\/dartawartadakhla.com\/#\/schema\/logo\/image\/\",\"url\":\"https:\/\/dartawartadakhla.com\/wp-content\/uploads\/2024\/11\/cropped-cropped-Logo_DT_mail-1.png\",\"contentUrl\":\"https:\/\/dartawartadakhla.com\/wp-content\/uploads\/2024\/11\/cropped-cropped-Logo_DT_mail-1.png\",\"width\":377,\"height\":100,\"caption\":\"Dar Tawarta\"},\"image\":{\"@id\":\"https:\/\/dartawartadakhla.com\/#\/schema\/logo\/image\/\"}}]}<\/script>\n<!-- \/ Yoast SEO plugin. -->","yoast_head_json":{"title":"Informaci\u00f3n Pr\u00e1ctica - Dar Tawarta","robots":{"index":"index","follow":"follow","max-snippet":"max-snippet:-1","max-image-preview":"max-image-preview:large","max-video-preview":"max-video-preview:-1"},"canonical":"https:\/\/dartawartadakhla.com\/es\/infos-pratiques\/","og_locale":"es_ES","og_type":"article","og_title":"Infos Pratiques - Dar Tawarta","og_description":"Infos Pratiques PR\u00c9PARER VOTRE S\u00c9JOUR Votre s\u00e9jour \u00e0 Dakhla en toute s\u00e9r\u00e9nit\u00e9 Afin de faciliter votre arriv\u00e9e et de vous permettre de profiter pleinement de votre s\u00e9jour \u00e0 Dar Tawarta, nous avons regroup\u00e9 ici les informations essentielles. Si vous avez besoin d\u2019une assistance compl\u00e9mentaire, notre \u00e9quipe reste disponible avant et pendant votre s\u00e9jour. Un \u00e9cosyst\u00e8me [&hellip;]","og_url":"https:\/\/dartawartadakhla.com\/es\/infos-pratiques\/","og_site_name":"Dar Tawarta","article_modified_time":"2026-03-18T14:39:29+00:00","twitter_card":"summary_large_image","twitter_misc":{"Tiempo de lectura":"1 minuto"},"schema":{"@context":"https:\/\/schema.org","@graph":[{"@type":"WebPage","@id":"https:\/\/dartawartadakhla.com\/fr_fr\/infos-pratiques\/","url":"https:\/\/dartawartadakhla.com\/fr_fr\/infos-pratiques\/","name":"Informaci\u00f3n Pr\u00e1ctica - Dar Tawarta","isPartOf":{"@id":"https:\/\/dartawartadakhla.com\/#website"},"datePublished":"2026-02-27T11:50:38+00:00","dateModified":"2026-03-18T14:39:29+00:00","breadcrumb":{"@id":"https:\/\/dartawartadakhla.com\/fr_fr\/infos-pratiques\/#breadcrumb"},"inLanguage":"es","potentialAction":[{"@type":"ReadAction","target":["https:\/\/dartawartadakhla.com\/fr_fr\/infos-pratiques\/"]}]},{"@type":"BreadcrumbList","@id":"https:\/\/dartawartadakhla.com\/fr_fr\/infos-pratiques\/#breadcrumb","itemListElement":[{"@type":"ListItem","position":1,"name":"Accueil","item":"https:\/\/dartawartadakhla.com\/"},{"@type":"ListItem","position":2,"name":"Infos Pratiques"}]},{"@type":"WebSite","@id":"https:\/\/dartawartadakhla.com\/#website","url":"https:\/\/dartawartadakhla.com\/","name":"Dar Tawarta","description":"Eco-Lodge en Dakhla","publisher":{"@id":"https:\/\/dartawartadakhla.com\/#organization"},"potentialAction":[{"@type":"SearchAction","target":{"@type":"EntryPoint","urlTemplate":"https:\/\/dartawartadakhla.com\/?s={search_term_string}"},"query-input":{"@type":"PropertyValueSpecification","valueRequired":true,"valueName":"search_term_string"}}],"inLanguage":"es"},{"@type":"Organization","@id":"https:\/\/dartawartadakhla.com\/#organization","name":"Dar Tawarta","url":"https:\/\/dartawartadakhla.com\/","logo":{"@type":"ImageObject","inLanguage":"es","@id":"https:\/\/dartawartadakhla.com\/#\/schema\/logo\/image\/","url":"https:\/\/dartawartadakhla.com\/wp-content\/uploads\/2024\/11\/cropped-cropped-Logo_DT_mail-1.png","contentUrl":"https:\/\/dartawartadakhla.com\/wp-content\/uploads\/2024\/11\/cropped-cropped-Logo_DT_mail-1.png","width":377,"height":100,"caption":"Dar Tawarta"},"image":{"@id":"https:\/\/dartawartadakhla.com\/#\/schema\/logo\/image\/"}}]}},"_links":{"self":[{"href":"https:\/\/dartawartadakhla.com\/es\/wp-json\/wp\/v2\/pages\/7438","targetHints":{"allow":["GET"]}}],"collection":[{"href":"https:\/\/dartawartadakhla.com\/es\/wp-json\/wp\/v2\/pages"}],"about":[{"href":"https:\/\/dartawartadakhla.com\/es\/wp-json\/wp\/v2\/types\/page"}],"author":[{"embeddable":true,"href":"https:\/\/dartawartadakhla.com\/es\/wp-json\/wp\/v2\/users\/1"}],"replies":[{"embeddable":true,"href":"https:\/\/dartawartadakhla.com\/es\/wp-json\/wp\/v2\/comments?post=7438"}],"version-history":[{"count":25,"href":"https:\/\/dartawartadakhla.com\/es\/wp-json\/wp\/v2\/pages\/7438\/revisions"}],"predecessor-version":[{"id":8072,"href":"https:\/\/dartawartadakhla.com\/es\/wp-json\/wp\/v2\/pages\/7438\/revisions\/8072"}],"wp:attachment":[{"href":"https:\/\/dartawartadakhla.com\/es\/wp-json\/wp\/v2\/media?parent=7438"}],"curies":[{"name":"wp","href":"https:\/\/api.w.org\/{rel}","templated":true}]}}