{"id":7887,"date":"2026-03-10T10:37:43","date_gmt":"2026-03-10T09:37:43","guid":{"rendered":"https:\/\/dartawartadakhla.com\/panier\/"},"modified":"2026-03-10T10:37:43","modified_gmt":"2026-03-10T09:37:43","slug":"panier","status":"publish","type":"page","link":"https:\/\/dartawartadakhla.com\/es\/panier\/","title":{"rendered":"Carrito de la compra"},"content":{"rendered":"<div class=\"wp-block-woocommerce-cart alignwide is-loading\">\n<div class=\"wp-block-woocommerce-filled-cart-block\">\n<div class=\"wp-block-woocommerce-cart-items-block\">\n<div class=\"wp-block-woocommerce-cart-line-items-block\"><\/div>\n\n\n\n<div class=\"wp-block-woocommerce-product-collection\">\n<h2 class=\"wp-block-heading has-text-align-left\" style=\"margin-bottom:1rem\">Vous serez peut-\u00eatre int\u00e9ress\u00e9 par&hellip;<\/h2>\n\n\n\n\n\n\n\n\n<h2 style=\"line-height:1.4; margin-bottom:0.75rem;margin-top:0;\" class=\"has-text-align-center wp-block-post-title has-medium-font-size\"><a href=\"https:\/\/dartawartadakhla.com\/es\/panier\/\" target=\"_self\" >Carrito de la compra<\/a><\/h2>\n\n\n\n\n<\/div>\n<\/div>\n\n\n\n\n<div class=\"wp-block-woocommerce-cart-totals-block\">\n<div class=\"wp-block-woocommerce-cart-order-summary-block\">\n<div class=\"wp-block-woocommerce-cart-order-summary-heading-block\"><\/div>\n\n\n\n<div class=\"wp-block-woocommerce-cart-order-summary-coupon-form-block\"><\/div>\n\n\n\n<div class=\"wp-block-woocommerce-cart-order-summary-subtotal-block\"><\/div>\n\n\n\n<div class=\"wp-block-woocommerce-cart-order-summary-fee-block\"><\/div>\n\n\n\n<div class=\"wp-block-woocommerce-cart-order-summary-discount-block\"><\/div>\n\n\n\n<div class=\"wp-block-woocommerce-cart-order-summary-shipping-block\"><\/div>\n\n\n\n<div class=\"wp-block-woocommerce-cart-order-summary-taxes-block\"><\/div>\n<\/div>\n\n\n\n<div class=\"wp-block-woocommerce-cart-express-payment-block\"><\/div>\n\n\n\n<div class=\"wp-block-woocommerce-proceed-to-checkout-block\"><\/div>\n\n\n\n<div class=\"wp-block-woocommerce-cart-accepted-payment-methods-block\"><\/div>\n<\/div>\n<\/div>\n\n\n\n<div class=\"wp-block-woocommerce-empty-cart-block\">\n<h2 class=\"wp-block-heading has-text-align-center with-empty-cart-icon wc-block-cart__empty-cart__title\">Votre panier est actuellement vide\u00a0!<\/h2>\n\n\n\n<hr class=\"wp-block-separator has-alpha-channel-opacity is-style-dots\"\/>\n\n\n\n<h2 class=\"wp-block-heading has-text-align-center\">Nouveau dans la boutique<\/h2>\n\n\n<\/div>\n<\/div>","protected":false},"excerpt":{"rendered":"","protected":false},"author":1,"featured_media":0,"parent":0,"menu_order":0,"comment_status":"closed","ping_status":"closed","template":"","meta":{"inline_featured_image":false,"footnotes":""},"class_list":["post-7887","page","type-page","status-publish","hentry"],"yoast_head":"<!-- This site is optimized with the Yoast SEO plugin v26.9 - https:\/\/yoast.com\/product\/yoast-seo-wordpress\/ -->\n<title>Panier - Dar Tawarta<\/title>\n<meta name=\"robots\" content=\"index, follow, max-snippet:-1, max-image-preview:large, max-video-preview:-1\" \/>\n<link rel=\"canonical\" href=\"https:\/\/dartawartadakhla.com\/es\/panier\/\" \/>\n<meta property=\"og:locale\" content=\"es_ES\" \/>\n<meta property=\"og:type\" content=\"article\" \/>\n<meta property=\"og:title\" content=\"Panier - Dar Tawarta\" \/>\n<meta property=\"og:url\" content=\"https:\/\/dartawartadakhla.com\/es\/panier\/\" \/>\n<meta property=\"og:site_name\" content=\"Dar Tawarta\" \/>\n<meta name=\"twitter:card\" content=\"summary_large_image\" \/>\n<script type=\"application\/ld+json\" class=\"yoast-schema-graph\">{\"@context\":\"https:\/\/schema.org\",\"@graph\":[{\"@type\":\"WebPage\",\"@id\":\"https:\/\/dartawartadakhla.com\/panier\/\",\"url\":\"https:\/\/dartawartadakhla.com\/panier\/\",\"name\":\"Panier - Dar Tawarta\",\"isPartOf\":{\"@id\":\"https:\/\/dartawartadakhla.com\/#website\"},\"datePublished\":\"2026-03-10T09:37:43+00:00\",\"breadcrumb\":{\"@id\":\"https:\/\/dartawartadakhla.com\/panier\/#breadcrumb\"},\"inLanguage\":\"es\",\"potentialAction\":[{\"@type\":\"ReadAction\",\"target\":[\"https:\/\/dartawartadakhla.com\/panier\/\"]}]},{\"@type\":\"BreadcrumbList\",\"@id\":\"https:\/\/dartawartadakhla.com\/panier\/#breadcrumb\",\"itemListElement\":[{\"@type\":\"ListItem\",\"position\":1,\"name\":\"Accueil\",\"item\":\"https:\/\/dartawartadakhla.com\/\"},{\"@type\":\"ListItem\",\"position\":2,\"name\":\"Panier\"}]},{\"@type\":\"WebSite\",\"@id\":\"https:\/\/dartawartadakhla.com\/#website\",\"url\":\"https:\/\/dartawartadakhla.com\/\",\"name\":\"Dar Tawarta\",\"description\":\"\u00c9co-Lodge \u00e0 Dakhla\",\"publisher\":{\"@id\":\"https:\/\/dartawartadakhla.com\/#organization\"},\"potentialAction\":[{\"@type\":\"SearchAction\",\"target\":{\"@type\":\"EntryPoint\",\"urlTemplate\":\"https:\/\/dartawartadakhla.com\/?s={search_term_string}\"},\"query-input\":{\"@type\":\"PropertyValueSpecification\",\"valueRequired\":true,\"valueName\":\"search_term_string\"}}],\"inLanguage\":\"es\"},{\"@type\":\"Organization\",\"@id\":\"https:\/\/dartawartadakhla.com\/#organization\",\"name\":\"Dar Tawarta\",\"url\":\"https:\/\/dartawartadakhla.com\/\",\"logo\":{\"@type\":\"ImageObject\",\"inLanguage\":\"es\",\"@id\":\"https:\/\/dartawartadakhla.com\/#\/schema\/logo\/image\/\",\"url\":\"https:\/\/dartawartadakhla.com\/wp-content\/uploads\/2024\/11\/cropped-cropped-Logo_DT_mail-1.png\",\"contentUrl\":\"https:\/\/dartawartadakhla.com\/wp-content\/uploads\/2024\/11\/cropped-cropped-Logo_DT_mail-1.png\",\"width\":377,\"height\":100,\"caption\":\"Dar Tawarta\"},\"image\":{\"@id\":\"https:\/\/dartawartadakhla.com\/#\/schema\/logo\/image\/\"}}]}<\/script>\n<!-- \/ Yoast SEO plugin. -->","yoast_head_json":{"title":"Panier - Dar Tawarta","robots":{"index":"index","follow":"follow","max-snippet":"max-snippet:-1","max-image-preview":"max-image-preview:large","max-video-preview":"max-video-preview:-1"},"canonical":"https:\/\/dartawartadakhla.com\/es\/panier\/","og_locale":"es_ES","og_type":"article","og_title":"Panier - Dar Tawarta","og_url":"https:\/\/dartawartadakhla.com\/es\/panier\/","og_site_name":"Dar Tawarta","twitter_card":"summary_large_image","schema":{"@context":"https:\/\/schema.org","@graph":[{"@type":"WebPage","@id":"https:\/\/dartawartadakhla.com\/panier\/","url":"https:\/\/dartawartadakhla.com\/panier\/","name":"Panier - Dar Tawarta","isPartOf":{"@id":"https:\/\/dartawartadakhla.com\/#website"},"datePublished":"2026-03-10T09:37:43+00:00","breadcrumb":{"@id":"https:\/\/dartawartadakhla.com\/panier\/#breadcrumb"},"inLanguage":"es","potentialAction":[{"@type":"ReadAction","target":["https:\/\/dartawartadakhla.com\/panier\/"]}]},{"@type":"BreadcrumbList","@id":"https:\/\/dartawartadakhla.com\/panier\/#breadcrumb","itemListElement":[{"@type":"ListItem","position":1,"name":"Accueil","item":"https:\/\/dartawartadakhla.com\/"},{"@type":"ListItem","position":2,"name":"Panier"}]},{"@type":"WebSite","@id":"https:\/\/dartawartadakhla.com\/#website","url":"https:\/\/dartawartadakhla.com\/","name":"Dar Tawarta","description":"Eco-Lodge en Dakhla","publisher":{"@id":"https:\/\/dartawartadakhla.com\/#organization"},"potentialAction":[{"@type":"SearchAction","target":{"@type":"EntryPoint","urlTemplate":"https:\/\/dartawartadakhla.com\/?s={search_term_string}"},"query-input":{"@type":"PropertyValueSpecification","valueRequired":true,"valueName":"search_term_string"}}],"inLanguage":"es"},{"@type":"Organization","@id":"https:\/\/dartawartadakhla.com\/#organization","name":"Dar Tawarta","url":"https:\/\/dartawartadakhla.com\/","logo":{"@type":"ImageObject","inLanguage":"es","@id":"https:\/\/dartawartadakhla.com\/#\/schema\/logo\/image\/","url":"https:\/\/dartawartadakhla.com\/wp-content\/uploads\/2024\/11\/cropped-cropped-Logo_DT_mail-1.png","contentUrl":"https:\/\/dartawartadakhla.com\/wp-content\/uploads\/2024\/11\/cropped-cropped-Logo_DT_mail-1.png","width":377,"height":100,"caption":"Dar Tawarta"},"image":{"@id":"https:\/\/dartawartadakhla.com\/#\/schema\/logo\/image\/"}}]}},"_links":{"self":[{"href":"https:\/\/dartawartadakhla.com\/es\/wp-json\/wp\/v2\/pages\/7887","targetHints":{"allow":["GET"]}}],"collection":[{"href":"https:\/\/dartawartadakhla.com\/es\/wp-json\/wp\/v2\/pages"}],"about":[{"href":"https:\/\/dartawartadakhla.com\/es\/wp-json\/wp\/v2\/types\/page"}],"author":[{"embeddable":true,"href":"https:\/\/dartawartadakhla.com\/es\/wp-json\/wp\/v2\/users\/1"}],"replies":[{"embeddable":true,"href":"https:\/\/dartawartadakhla.com\/es\/wp-json\/wp\/v2\/comments?post=7887"}],"version-history":[{"count":0,"href":"https:\/\/dartawartadakhla.com\/es\/wp-json\/wp\/v2\/pages\/7887\/revisions"}],"wp:attachment":[{"href":"https:\/\/dartawartadakhla.com\/es\/wp-json\/wp\/v2\/media?parent=7887"}],"curies":[{"name":"wp","href":"https:\/\/api.w.org\/{rel}","templated":true}]}}